{"id":40,"date":"2021-08-29T16:59:16","date_gmt":"2021-08-29T16:59:16","guid":{"rendered":"http:\/\/aivonswp.pixydrops.com\/?page_id=40"},"modified":"2024-11-04T23:50:20","modified_gmt":"2024-11-04T23:50:20","slug":"contact","status":"publish","type":"page","link":"https:\/\/promecindustrial.com.mx\/?page_id=40","title":{"rendered":"CONTACTO"},"content":{"rendered":"\t\t<div data-elementor-type=\"wp-page\" data-elementor-id=\"40\" class=\"elementor elementor-40\">\n\t\t\t\t\t\t<section class=\"elementor-section elementor-top-section elementor-element elementor-element-6d08701 elementor-section-full_width elementor-section-height-default elementor-section-height-default\" data-id=\"6d08701\" data-element_type=\"section\">\n\t\t\t\t\t\t<div class=\"elementor-container elementor-column-gap-narrow\">\n\t\t\t\t\t<div class=\"elementor-column elementor-col-100 elementor-top-column elementor-element elementor-element-0cd5be9\" data-id=\"0cd5be9\" data-element_type=\"column\">\n\t\t\t<div class=\"elementor-widget-wrap elementor-element-populated\">\n\t\t\t\t\t\t<div class=\"elementor-element elementor-element-af84a8d elementor-widget elementor-widget-aivons-contact-form\" data-id=\"af84a8d\" data-element_type=\"widget\" data-widget_type=\"aivons-contact-form.default\">\n\t\t\t\t<div class=\"elementor-widget-container\">\n\t\t\t<!--Message Box Start-->\r\n<section class=\"message-box\">\r\n    <div class=\"container\">\r\n        <div class=\"row\">\r\n            <div class=\"col-xl-4 col-lg-5\">\r\n                <div class=\"message-box__left\">\r\n                                            <div class=\"section-title text-left\">\r\n                                                    <h2 class=\"section-title__title\">\u00a1Ponte en contacto con nuestros!<\/h2>\r\n                                                                        <\/div>\r\n                                                                <div class=\"message-box__social\">\r\n                                                            <a href=\"https:\/\/www.facebook.com\/maquinadospromec\"><i class=\"fab fa-facebook-f\"><\/i><\/a>\r\n                                                            <a href=\"#\"><i class=\"fab fa-instagram\"><\/i><\/a>\r\n                                                    <\/div>\r\n                                    <\/div>\r\n            <\/div>\r\n            <div class=\"col-xl-8 col-lg-7\">\r\n                <div class=\"message-box__right\">\r\n                                                \n<div class=\"wpcf7 no-js\" id=\"wpcf7-f216-o1\" lang=\"en-US\" dir=\"ltr\" data-wpcf7-id=\"216\">\n<div class=\"screen-reader-response\"><p role=\"status\" aria-live=\"polite\" aria-atomic=\"true\"><\/p> <ul><\/ul><\/div>\n<form action=\"\/index.php?rest_route=%2Fwp%2Fv2%2Fpages%2F40#wpcf7-f216-o1\" method=\"post\" class=\"wpcf7-form init\" aria-label=\"Contact form\" novalidate=\"novalidate\" data-status=\"init\">\n<div style=\"display: none;\">\n<input type=\"hidden\" name=\"_wpcf7\" value=\"216\" \/>\n<input type=\"hidden\" name=\"_wpcf7_version\" value=\"6.0\" \/>\n<input type=\"hidden\" name=\"_wpcf7_locale\" value=\"en_US\" \/>\n<input type=\"hidden\" name=\"_wpcf7_unit_tag\" value=\"wpcf7-f216-o1\" \/>\n<input type=\"hidden\" name=\"_wpcf7_container_post\" value=\"0\" \/>\n<input type=\"hidden\" name=\"_wpcf7_posted_data_hash\" value=\"\" \/>\n<\/div>\n<div class=\"comment-one__form\" >\n\t<div class=\"row\">\n\t\t<div class=\"col-xl-6\">\n\t\t\t<div class=\"comment-form__input-box\">\n\t\t\t\t<p><span class=\"wpcf7-form-control-wrap\" data-name=\"your-name\"><input size=\"40\" maxlength=\"400\" class=\"wpcf7-form-control wpcf7-text wpcf7-validates-as-required\" aria-required=\"true\" aria-invalid=\"false\" placeholder=\"Your name\" value=\"\" type=\"text\" name=\"your-name\" \/><\/span>\n\t\t\t\t<\/p>\n\t\t\t\t<div class=\"comment-form__icon\">\n\t\t\t\t\t<p><i class=\"far fa-user-circle\"><\/i>\n\t\t\t\t\t<\/p>\n\t\t\t\t<\/div>\n\t\t\t<\/div>\n\t\t<\/div>\n\t\t<div class=\"col-xl-6\">\n\t\t\t<div class=\"comment-form__input-box\">\n\t\t\t\t<p><span class=\"wpcf7-form-control-wrap\" data-name=\"your-email\"><input size=\"40\" maxlength=\"400\" class=\"wpcf7-form-control wpcf7-email wpcf7-validates-as-required wpcf7-text wpcf7-validates-as-email\" aria-required=\"true\" aria-invalid=\"false\" placeholder=\"Email Address\" value=\"\" type=\"email\" name=\"your-email\" \/><\/span>\n\t\t\t\t<\/p>\n\t\t\t\t<div class=\"comment-form__icon\">\n\t\t\t\t\t<p><i class=\"far fa-envelope\"><\/i>\n\t\t\t\t\t<\/p>\n\t\t\t\t<\/div>\n\t\t\t<\/div>\n\t\t<\/div>\n\t<\/div>\n\t<div class=\"row\">\n\t\t<div class=\"col-xl-12\">\n\t\t\t<div class=\"comment-form__input-box\">\n\t\t\t\t<p><span class=\"wpcf7-form-control-wrap\" data-name=\"your-message\"><textarea cols=\"40\" rows=\"10\" maxlength=\"2000\" class=\"wpcf7-form-control wpcf7-textarea\" aria-invalid=\"false\" placeholder=\"Write Message\" name=\"your-message\"><\/textarea><\/span>\n\t\t\t\t<\/p>\n\t\t\t\t<div class=\"comment-form__icon contact-expert__icon-comment\">\n\t\t\t\t\t<p><i class=\"far fa-comment\"><\/i>\n\t\t\t\t\t<\/p>\n\t\t\t\t<\/div>\n\t\t\t<\/div>\n\t\t\t<p><button type=\"submit\" class=\"thm-btn comment-form__btn\">Send a message<\/button>\n\t\t\t<\/p>\n\t\t<\/div>\n\t<\/div>\n<\/div><div class=\"wpcf7-response-output\" aria-hidden=\"true\"><\/div>\n<\/form>\n<\/div>\n                                    <\/div>\r\n            <\/div>\r\n        <\/div>\r\n    <\/div>\r\n<\/section>\r\n<!--Message Box End-->\r\n\r\n\t\t<\/div>\n\t\t\t\t<\/div>\n\t\t\t\t\t<\/div>\n\t\t<\/div>\n\t\t\t\t\t<\/div>\n\t\t<\/section>\n\t\t\t\t<section class=\"elementor-section elementor-top-section elementor-element elementor-element-6026aa7 elementor-section-full_width elementor-section-height-default elementor-section-height-default\" data-id=\"6026aa7\" data-element_type=\"section\">\n\t\t\t\t\t\t<div class=\"elementor-container elementor-column-gap-no\">\n\t\t\t\t\t<div class=\"elementor-column elementor-col-100 elementor-top-column elementor-element elementor-element-3b8038c\" data-id=\"3b8038c\" data-element_type=\"column\">\n\t\t\t<div class=\"elementor-widget-wrap elementor-element-populated\">\n\t\t\t\t\t\t<div class=\"elementor-element elementor-element-18f619e elementor-widget elementor-widget-aivons-info-box\" data-id=\"18f619e\" data-element_type=\"widget\" data-widget_type=\"aivons-info-box.default\">\n\t\t\t\t<div class=\"elementor-widget-container\">\n\t\t\t    <!--Locations Start-->\r\n    <section class=\"locations\">\r\n        <div class=\"container\">\r\n            <div class=\"location__inner\">\r\n                                    <div class=\"section-title text-center\">\r\n                                                    <h2 class=\"section-title__title\">oficinas cerca de ti<\/h2>\r\n                                                                            <span class=\"section-title__tagline\">Ven y visita nuestra oficina para encontrar soluciones.<\/span>\r\n                                            <\/div>\r\n                                <div class=\"row\">\r\n                                                                        <div class=\"col-xl-3 col-lg-6 col-md-6 wow fadeInUp\" data-wow-delay=\"0ms\">\r\n                                <!--Locations Single-->\r\n                                <div class=\"locations__single\">\r\n                                    <h3 class=\"locations__title\"><\/h3>\r\n                                    <p class=\"locations__text\"><\/p>\r\n                                    <h4 class=\"locations__mail-phone-box\">\r\n                                        <a href=\"\" class=\"locations__mail\"><\/a>\r\n                                        <a href=\"tel:\" class=\"locations__phone\"><\/a>\r\n                                    <\/h4>\r\n                                <\/div>\r\n                            <\/div>\r\n                                                <div class=\"col-xl-3 col-lg-6 col-md-6 wow fadeInUp\" data-wow-delay=\"0ms\">\r\n                                <!--Locations Single-->\r\n                                <div class=\"locations__single\">\r\n                                    <h3 class=\"locations__title\">MATRIZ<\/h3>\r\n                                    <p class=\"locations__text\">Arabia # 406, Col. San Felipe de Jes\u00fas, Le\u00f3n Gto. M\u00e9xico. CP: 37250<\/p>\r\n                                    <h4 class=\"locations__mail-phone-box\">\r\n                                        <a href=\"recepcion    @promecindustrial.com.mx\" class=\"locations__mail\">recepcion    @promecindustrial.com.mx<\/a>\r\n                                        <a href=\"tel:\" class=\"locations__phone\">777 192 2695 \/ 477 325 2527<\/a>\r\n                                    <\/h4>\r\n                                <\/div>\r\n                            <\/div>\r\n                                                <div class=\"col-xl-3 col-lg-6 col-md-6 wow fadeInUp\" data-wow-delay=\"0ms\">\r\n                                <!--Locations Single-->\r\n                                <div class=\"locations__single\">\r\n                                    <h3 class=\"locations__title\">Sucursal 1<\/h3>\r\n                                    <p class=\"locations__text\">Av. Ol\u00edmpica # 913, int. 3, Col Industrial brisas del campo, Le\u00f3n Gto. M\u00e9xico. CP: 37297<\/p>\r\n                                    <h4 class=\"locations__mail-phone-box\">\r\n                                        <a href=\"acuevas   @promecindustrial.com.mx\" class=\"locations__mail\">acuevas   @promecindustrial.com.mx<\/a>\r\n                                        <a href=\"tel:\" class=\"locations__phone\">477 729 1445<\/a>\r\n                                    <\/h4>\r\n                                <\/div>\r\n                            <\/div>\r\n                                                <div class=\"col-xl-3 col-lg-6 col-md-6 wow fadeInUp\" data-wow-delay=\"0ms\">\r\n                                <!--Locations Single-->\r\n                                <div class=\"locations__single\">\r\n                                    <h3 class=\"locations__title\"><\/h3>\r\n                                    <p class=\"locations__text\"><\/p>\r\n                                    <h4 class=\"locations__mail-phone-box\">\r\n                                        <a href=\"\" class=\"locations__mail\"><\/a>\r\n                                        <a href=\"tel:\" class=\"locations__phone\"><\/a>\r\n                                    <\/h4>\r\n                                <\/div>\r\n                            <\/div>\r\n                                    <\/div>\r\n            <\/div>\r\n        <\/div>\r\n    <\/section>\r\n    <!--Locations End-->\r\n\t\t<\/div>\n\t\t\t\t<\/div>\n\t\t\t\t\t<\/div>\n\t\t<\/div>\n\t\t\t\t\t<\/div>\n\t\t<\/section>\n\t\t\t\t<section class=\"elementor-section elementor-top-section elementor-element elementor-element-40b1fd7 elementor-section-full_width elementor-section-height-default elementor-section-height-default\" data-id=\"40b1fd7\" data-element_type=\"section\">\n\t\t\t\t\t\t<div class=\"elementor-container elementor-column-gap-no\">\n\t\t\t\t\t<div class=\"elementor-column elementor-col-100 elementor-top-column elementor-element elementor-element-26d612c\" data-id=\"26d612c\" data-element_type=\"column\">\n\t\t\t<div class=\"elementor-widget-wrap elementor-element-populated\">\n\t\t\t\t\t\t<div class=\"elementor-element elementor-element-1e1786a elementor-widget elementor-widget-google_maps\" data-id=\"1e1786a\" data-element_type=\"widget\" data-widget_type=\"google_maps.default\">\n\t\t\t\t<div class=\"elementor-widget-container\">\n\t\t\t\t\t<div class=\"elementor-custom-embed\">\n\t\t\t<iframe loading=\"lazy\"\n\t\t\t\t\tsrc=\"https:\/\/maps.google.com\/maps?q=Arabia%20%23%20406%2C%20Col.%20San%20Felipe%20de%20Jes%C3%BAs%2C%20Le%C3%B3n%20Gto.%20M%C3%A9xico.%20CP%3A%2037250&#038;t=m&#038;z=17&#038;output=embed&#038;iwloc=near\"\n\t\t\t\t\ttitle=\"Arabia # 406, Col. San Felipe de Jes\u00fas, Le\u00f3n Gto. M\u00e9xico. CP: 37250\"\n\t\t\t\t\taria-label=\"Arabia # 406, Col. San Felipe de Jes\u00fas, Le\u00f3n Gto. M\u00e9xico. CP: 37250\"\n\t\t\t><\/iframe>\n\t\t<\/div>\n\t\t\t\t<\/div>\n\t\t\t\t<\/div>\n\t\t\t\t<div class=\"elementor-element elementor-element-214a187 elementor-widget elementor-widget-google_maps\" data-id=\"214a187\" data-element_type=\"widget\" data-widget_type=\"google_maps.default\">\n\t\t\t\t<div class=\"elementor-widget-container\">\n\t\t\t\t\t<div class=\"elementor-custom-embed\">\n\t\t\t<iframe loading=\"lazy\"\n\t\t\t\t\tsrc=\"https:\/\/maps.google.com\/maps?q=Av.%20Ol%C3%ADmpica%20%23%20913%2C%20int.%203%2C%20Col%20Industrial%20brisas%20del%20campo%2C%20Le%C3%B3n%20Gto.%20M%C3%A9xico.%20CP%3A%2037297&#038;t=m&#038;z=17&#038;output=embed&#038;iwloc=near\"\n\t\t\t\t\ttitle=\"Av. Ol\u00edmpica # 913, int. 3, Col Industrial brisas del campo, Le\u00f3n Gto. M\u00e9xico. CP: 37297\"\n\t\t\t\t\taria-label=\"Av. Ol\u00edmpica # 913, int. 3, Col Industrial brisas del campo, Le\u00f3n Gto. M\u00e9xico. CP: 37297\"\n\t\t\t><\/iframe>\n\t\t<\/div>\n\t\t\t\t<\/div>\n\t\t\t\t<\/div>\n\t\t\t\t\t<\/div>\n\t\t<\/div>\n\t\t\t\t\t<\/div>\n\t\t<\/section>\n\t\t\t\t<\/div>\n\t\t","protected":false},"excerpt":{"rendered":"<p>\u00a1Ponte en contacto con nuestros! Send a message oficinas cerca de ti Ven y visita nuestra oficina para encontrar soluciones. MATRIZ Arabia # 406, Col. San Felipe de Jes\u00fas, Le\u00f3n Gto. M\u00e9xico. CP: 37250 recepcion @promecindustrial.com.mx 777 192 2695 \/ 477 325 2527 Sucursal 1 Av. Ol\u00edmpica # 913, int. 3, Col Industrial brisas del [&hellip;]<\/p>\n","protected":false},"author":1,"featured_media":0,"parent":0,"menu_order":0,"comment_status":"closed","ping_status":"closed","template":"elementor_header_footer","meta":{"footnotes":""},"class_list":["post-40","page","type-page","status-publish","hentry"],"_links":{"self":[{"href":"https:\/\/promecindustrial.com.mx\/index.php?rest_route=\/wp\/v2\/pages\/40","targetHints":{"allow":["GET"]}}],"collection":[{"href":"https:\/\/promecindustrial.com.mx\/index.php?rest_route=\/wp\/v2\/pages"}],"about":[{"href":"https:\/\/promecindustrial.com.mx\/index.php?rest_route=\/wp\/v2\/types\/page"}],"author":[{"embeddable":true,"href":"https:\/\/promecindustrial.com.mx\/index.php?rest_route=\/wp\/v2\/users\/1"}],"replies":[{"embeddable":true,"href":"https:\/\/promecindustrial.com.mx\/index.php?rest_route=%2Fwp%2Fv2%2Fcomments&post=40"}],"version-history":[{"count":13,"href":"https:\/\/promecindustrial.com.mx\/index.php?rest_route=\/wp\/v2\/pages\/40\/revisions"}],"predecessor-version":[{"id":846,"href":"https:\/\/promecindustrial.com.mx\/index.php?rest_route=\/wp\/v2\/pages\/40\/revisions\/846"}],"wp:attachment":[{"href":"https:\/\/promecindustrial.com.mx\/index.php?rest_route=%2Fwp%2Fv2%2Fmedia&parent=40"}],"curies":[{"name":"wp","href":"https:\/\/api.w.org\/{rel}","templated":true}]}}